{"id":44,"date":"2023-05-23T09:04:29","date_gmt":"2023-05-23T09:04:29","guid":{"rendered":"https:\/\/www23.recicladoslared.es\/?page_id=44"},"modified":"2026-02-12T11:29:18","modified_gmt":"2026-02-12T11:29:18","slug":"aviso-legal","status":"publish","type":"page","link":"https:\/\/www.recicladoslared.es\/index.php\/aviso-legal\/","title":{"rendered":"AVISO LEGAL"},"content":{"rendered":"<p>[et_pb_section fb_built=\u00bb1&#8243; _builder_version=\u00bb4.16&#8243; global_colors_info=\u00bb{}\u00bb][et_pb_row _builder_version=\u00bb4.16&#8243; background_size=\u00bbinitial\u00bb background_position=\u00bbtop_left\u00bb background_repeat=\u00bbrepeat\u00bb custom_padding=\u00bb21px|||||\u00bb global_colors_info=\u00bb{}\u00bb][et_pb_column type=\u00bb4_4&#8243; _builder_version=\u00bb4.16&#8243; custom_padding=\u00bb|||\u00bb global_colors_info=\u00bb{}\u00bb custom_padding__hover=\u00bb|||\u00bb][et_pb_text _builder_version=\u00bb4.27.4&#8243; header_font=\u00bbKanit||||||||\u00bb background_size=\u00bbinitial\u00bb background_position=\u00bbtop_left\u00bb background_repeat=\u00bbrepeat\u00bb text_orientation=\u00bbjustified\u00bb hover_enabled=\u00bb0&#8243; global_colors_info=\u00bb{}\u00bb sticky_enabled=\u00bb0&#8243;]<\/p>\n<h1 style=\"text-align: center;\"><strong>Aviso Legal<\/strong><\/h1>\n<p><strong>Titularidad del Portal<\/strong><\/p>\n<p>La \u00fanica titular o usuaria legal de los contenidos de esta web es RECICLADOS LA RED S.L.., con CIF B41600867, y domicilio social en Pol\u00edgono Industrial La Red Norte, Calle 14 N\u00ba19 \u2013 41500 Alcal\u00e1 de Guadaira (Sevilla) \u2013 Espa\u00f1a. Inscrita en el Registro Mercantil de Sevilla en el tomo 1749, folio 8, hoja SE-13761, INS 1\u00aa. En adelante, RECICLADOS LA RED.<\/p>\n<p><strong>Aceptaci\u00f3n de las Condiciones Generales de Uso.<\/strong><\/p>\n<p>Estas Condiciones Generales regulan el uso del servicio de nuestra pagina de Internet. Por la navegaci\u00f3n y\/o utilizaci\u00f3n de los servicios del sitio Web, Vd. adquiere la condici\u00f3n de usuario. Tanto la navegaci\u00f3n como la utilizaci\u00f3n de cualesquiera de los servicios de la Web, suponen la aceptaci\u00f3n como usuario, sin reservas de ninguna clase, de todas y cada una de las Condiciones Generales de Uso y de las Condiciones Generales de Contrataci\u00f3n que rijan la prestaci\u00f3n de los servicios ofrecidos.<\/p>\n<p>RECICLADOS LA RED podr\u00e1 realizar, en cualquier momento y sin necesidad de previo aviso, modificaciones y actualizaciones sobre la informaci\u00f3n contenida en su sitio web, o en su configuraci\u00f3n o presentaci\u00f3n.<\/p>\n<p>&nbsp;<\/p>\n<p><strong>Responsabilidad de RECICLADOS LA RED.<\/strong><\/p>\n<p>RECICLADOS LA RED no puede asumir ninguna responsabilidad derivada del uso incorrecto, inapropiado o il\u00edcito de la informaci\u00f3n aparecida en estas p\u00e1ginas de Internet.<\/p>\n<p>RECICLADOS LA RED realiza todos los esfuerzos posibles para que la informaci\u00f3n suministrada a trav\u00e9s de su p\u00e1gina web sea clara, comprensible y adecuada, as\u00ed como para evitar errores en la medida de lo posible y, en su caso, repararlos o actualizarlos. Sin embargo, con los l\u00edmites establecidos en la ley, RECICLADOS LA RED no asume ninguna responsabilidad derivada de la falta de veracidad, integridad, actualizaci\u00f3n y precisi\u00f3n de los datos o informaciones que se contienen en sus p\u00e1ginas de Internet.<\/p>\n<p>RECICLADOS LA RED no se hace responsable de los perjuicios que pudieran derivar de (i) interferencias, omisiones, interrupciones, virus inform\u00e1ticos, aver\u00edas o desconexiones en el funcionamiento de los equipos de los usuarios, motivados por causas ajenas a RECICLADOS LA RED; (ii) retrasos, bloqueos en el uso causados por deficiencias o sobrecargas en Internet; (iii) da\u00f1os que puedan ser causados por terceras personas mediante intromisiones ileg\u00edtimas fuera del control de la empresa y no sean atribuibles a RECICLADOS LA RED; (iv) de la imposibilidad de dar el servicio o permitir el acceso por causas no imputables a RECICLADOS LA RED, debidas al usuario, a terceros o supuestos de fuerza mayor. Los contenidos proporcionados a trav\u00e9s de esta p\u00e1gina web tienen car\u00e1cter meramente informativo, por lo que el uso que de estos pueda hacer el usuario y las eventuales consecuencias, da\u00f1os o perjuicios que pudiesen derivarse, son de la exclusiva responsabilidad del usuario. RECICLADOS LA RED se reserva el derecho de ejercitar las acciones legales que considere oportunas derivadas de cualesquiera usos il\u00edcitos por parte de terceros de los contenidos de su p\u00e1gina web.<\/p>\n<p>&nbsp;<\/p>\n<p><strong>Propiedad Industrial e Intelectual<\/strong><\/p>\n<p>Todos los derechos de propiedad industrial que aparecen en esta web (marcas, nombres comerciales, dise\u00f1os, etc), son de la exclusiva propiedad de RECICLADOS LA RED o se encuentran leg\u00edtimamente explotados en virtud de acuerdos o licencias de uso, y se encuentran registradas ante las autoridades nacionales, comunitarias o internacionales correspondientes y protegidas conforme la legislaci\u00f3n de propiedad industrial nacional, comunitaria o internacional que resulte de aplicaci\u00f3n.<\/p>\n<p>Los derechos de propiedad intelectual de los contenidos, textos, gu\u00edas, distintivos corporativos, im\u00e1genes, et altera de este sitio Web son propiedad, de RECICLADOS LA RED o de las restantes personas f\u00edsicas y entidades mencionadas en esta p\u00e1gina, estando protegidos por el ordenamiento jur\u00eddico espa\u00f1ol y por las normas comunitarias e internacionales que resulten de aplicaci\u00f3n.<\/p>\n<p>La reproducci\u00f3n, distribuci\u00f3n, comercializaci\u00f3n o transformaci\u00f3n no autorizadas de estos contenidos -salvo en los supuestos permitidos legalmente para uso personal y privado-, constituyen una infracci\u00f3n de los derechos de propiedad intelectual de RECICLADOS LA RED o de aqu\u00e9l que sea titular.<\/p>\n<p>Queda prohibida la reproducci\u00f3n, total o parcial, distribuci\u00f3n, comercializaci\u00f3n o transformaci\u00f3n de cualquiera de los contenidos de la p\u00e1gina web sin la previa autorizaci\u00f3n escrita de RECICLADOS LA RED. Se autoriza la impresi\u00f3n y descarga de extractos de los contenidos de la p\u00e1gina web de RECICLADOS LA RED \u00fanicamente cuando se realicen para uso personal y privado. Las solicitudes a estos efectos podr\u00e1n dirigirse a compliance@recicladoslared.es.<\/p>\n<p>Para ejercer el derecho de cita, deber\u00e1 mencionarse \u00a9 RECICLADOS LA RED como titular de los extractos de los contenidos o documentos aludidos, as\u00ed como la p\u00e1gina web www.recicladoslared.es como fuente de la informaci\u00f3n cuando corresponda. En aquellos casos en que los extractos de los contenidos o documentos incluidos en la p\u00e1gina web sean titularidad de un tercero, deber\u00e1 indicarse \u201c\u00a9 [nombre del titular]\u201d seg\u00fan aparece publicado en la p\u00e1gina web de RECICLADOS LA RED. En cualquier caso, deber\u00e1 informarse por correo electr\u00f3nico a la direcci\u00f3n compliance@recicladoslared.es<\/p>\n<p>&nbsp;<\/p>\n<p><strong>Protecci\u00f3n de Datos Personales.<\/strong><\/p>\n<p>Para acceder a algunos de los servicios que RECICLADOS LA RED ofrece a trav\u00e9s del website www.recicladoslared.es, deber\u00e1 proporcionar algunos datos de car\u00e1cter personal. Puede usted acceder a nuestra pol\u00edtica de privacidad en el siguiente <a href=\"https:\/\/www.recicladoslared.es\/index.php\/politica-de-privacidad\/\">link.<\/a><\/p>\n<p>&nbsp;<\/p>\n<p>6.El usuario se obliga al cumplimiento de las presentes Condiciones Generales de Uso y a cumplir con las instrucciones de uso contenidas en el sitio Web y obrar siempre conforme a la ley, las buenas costumbres y a las exigencias de la buena fe, empleando la diligencia adecuada a la naturaleza del servicio del que disfruta. El Usuario se obliga: (i) en el caso de registrarse como usuario, a proporcionar verazmente los datos proporcionados y se obliga a mantenerlos actualizados; (ii) no introducir, almacenar o difundir en o desde el Portal, as\u00ed como cualquier informaci\u00f3n difamatorio, injurioso, obsceno, amenazador, xen\u00f3fobo que atente de cualquier forma contra la moral, el orden p\u00fablico, los derechos fundamentales, las libertades, el honor, la intimidad o la imagen de terceros y en general, la normativa vigente; (iii) No introducir, almacenar o difundir mediante la Tienda ning\u00fan programa de ordenador, datos, virus, c\u00f3digo, equipo de hardware o de telecomunicaciones o cualquier otro instrumento o dispositivo electr\u00f3nico o f\u00edsico que sea susceptible de causar da\u00f1os en la Tienda, en cualquiera de los Servicios, o en cualquiera de los equipos, sistemas o redes, de cualquier Usuario, de los proveedores de RECICLADOS LA RED o en general de cualquier tercero, o que de cualquier otra forma sea capaz de causarles cualquier tipo de alteraci\u00f3n o impedir el normal funcionamiento de los mismos; (iv) a custodiar adecuadamente el \u201cNombre de Usuario\u201d y la \u201cContrase\u00f1a\u201d que usted haya, como elementos identificadores y habilitadores para el acceso a los Servicios, comprometi\u00e9ndose a no ceder su uso ni a permitir el acceso a ellos de terceros, asumiendo la responsabilidad por los da\u00f1os y perjuicios que pudieran derivarse de un uso indebido de los mismos. Igualmente el usuario se compromete a comunicar a RECICLADOS LA RED, con la mayor rapidez, su p\u00e9rdida o robo as\u00ed como cualquier riesgo de acceso al \u201cNombre de Usuario\u201d y\/o la \u201cContrase\u00f1a\u201d por un tercero; (v) No realizar actividades publicitarias, promocionales o de explotaci\u00f3n comercial a trav\u00e9s de la Tienda, no utilizando los contenidos y en particular la informaci\u00f3n obtenida a trav\u00e9s de la Tienda para remitir publicidad, enviar mensajes con fines de venta directa o con cualquier otro fin comercial, ni para recoger o almacenar datos personales de terceros; (vi) No utilizar identidades falsas, ni suplantar la identidad de otros en la utilizaci\u00f3n de la Tienda o en la utilizaci\u00f3n de cualquiera de los servicios de la Tienda, incluyendo la utilizaci\u00f3n en su caso de contrase\u00f1as o claves de acceso de terceros o de cualquier otra forma; (vii) No destruir, alterar, utilizar para su uso, inutilizar o da\u00f1ar los datos, informaciones, programas o documentos electr\u00f3nicos de RECICLADOS LA RED, sus proveedores o terceros; (viii) No introducir, almacenar o difundir mediante la Tienda cualquier contenido que infrinja derechos de propiedad intelectual, industrial o secretos empresariales de terceros, ni en general ning\u00fan contenido del cual no ostentara, de conformidad con la ley, el derecho a ponerlo a disposici\u00f3n de tercero.<\/p>\n<p>&nbsp;<\/p>\n<ol start=\"7\">\n<li>Los t\u00e9rminos y condiciones de acceso a esta web se regular\u00e1n y se interpretar\u00e1n conforme a la ley espa\u00f1ola, estando sometido irrevocablemente a la competencia exclusiva de la jurisdicci\u00f3n de los Juzgados y Tribunales de Sevilla la resoluci\u00f3n de cualquier conflicto o cuesti\u00f3n que surja o est\u00e9 relacionado con la misma.<\/li>\n<\/ol>\n<p>&nbsp;<\/p>\n<p>[\/et_pb_text][\/et_pb_column][\/et_pb_row][\/et_pb_section]<\/p>\n","protected":false},"excerpt":{"rendered":"<p>Aviso Legal Titularidad del Portal La \u00fanica titular o usuaria legal de los contenidos de esta web es RECICLADOS LA RED S.L.., con CIF B41600867, y domicilio social en Pol\u00edgono Industrial La Red Norte, Calle 14 N\u00ba19 \u2013 41500 Alcal\u00e1 de Guadaira (Sevilla) \u2013 Espa\u00f1a. Inscrita en el Registro Mercantil de Sevilla en el tomo [&hellip;]<\/p>\n","protected":false},"author":2,"featured_media":0,"parent":0,"menu_order":0,"comment_status":"closed","ping_status":"closed","template":"","meta":{"_et_pb_use_builder":"on","_et_pb_old_content":"","_et_gb_content_width":"","footnotes":""},"class_list":["post-44","page","type-page","status-publish","hentry"],"yoast_head":"<!-- This site is optimized with the Yoast SEO plugin v24.9 - https:\/\/yoast.com\/wordpress\/plugins\/seo\/ -->\n<title>AVISO LEGAL - Reciclados LA RED<\/title>\n<meta name=\"robots\" content=\"index, follow, max-snippet:-1, max-image-preview:large, max-video-preview:-1\" \/>\n<link rel=\"canonical\" href=\"https:\/\/www.recicladoslared.es\/index.php\/aviso-legal\/\" \/>\n<meta property=\"og:locale\" content=\"es_ES\" \/>\n<meta property=\"og:type\" content=\"article\" \/>\n<meta property=\"og:title\" content=\"AVISO LEGAL - Reciclados LA RED\" \/>\n<meta property=\"og:url\" content=\"https:\/\/www.recicladoslared.es\/index.php\/aviso-legal\/\" \/>\n<meta property=\"og:site_name\" content=\"Reciclados LA RED\" \/>\n<meta property=\"article:publisher\" content=\"https:\/\/www.facebook.com\/recicladoslared\" \/>\n<meta property=\"article:modified_time\" content=\"2026-02-12T11:29:18+00:00\" \/>\n<meta property=\"og:image\" content=\"https:\/\/www.recicladoslared.es\/wp-content\/uploads\/2023\/05\/Logo-La-Red-Transpa-2.png\" \/>\n\t<meta property=\"og:image:width\" content=\"600\" \/>\n\t<meta property=\"og:image:height\" content=\"400\" \/>\n\t<meta property=\"og:image:type\" content=\"image\/png\" \/>\n<meta name=\"twitter:card\" content=\"summary_large_image\" \/>\n<meta name=\"twitter:site\" content=\"@RecicladosLaRed\" \/>\n<meta name=\"twitter:label1\" content=\"Tiempo de lectura\" \/>\n\t<meta name=\"twitter:data1\" content=\"7 minutos\" \/>\n<script type=\"application\/ld+json\" class=\"yoast-schema-graph\">{\"@context\":\"https:\/\/schema.org\",\"@graph\":[{\"@type\":\"WebPage\",\"@id\":\"https:\/\/www.recicladoslared.es\/index.php\/aviso-legal\/\",\"url\":\"https:\/\/www.recicladoslared.es\/index.php\/aviso-legal\/\",\"name\":\"AVISO LEGAL - Reciclados LA RED\",\"isPartOf\":{\"@id\":\"https:\/\/www.recicladoslared.es\/#website\"},\"datePublished\":\"2023-05-23T09:04:29+00:00\",\"dateModified\":\"2026-02-12T11:29:18+00:00\",\"breadcrumb\":{\"@id\":\"https:\/\/www.recicladoslared.es\/index.php\/aviso-legal\/#breadcrumb\"},\"inLanguage\":\"es\",\"potentialAction\":[{\"@type\":\"ReadAction\",\"target\":[\"https:\/\/www.recicladoslared.es\/index.php\/aviso-legal\/\"]}]},{\"@type\":\"BreadcrumbList\",\"@id\":\"https:\/\/www.recicladoslared.es\/index.php\/aviso-legal\/#breadcrumb\",\"itemListElement\":[{\"@type\":\"ListItem\",\"position\":1,\"name\":\"Portada\",\"item\":\"https:\/\/www.recicladoslared.es\/\"},{\"@type\":\"ListItem\",\"position\":2,\"name\":\"AVISO LEGAL\"}]},{\"@type\":\"WebSite\",\"@id\":\"https:\/\/www.recicladoslared.es\/#website\",\"url\":\"https:\/\/www.recicladoslared.es\/\",\"name\":\"Reciclados La Red\",\"description\":\"Planta de reciclaje de pl\u00e1stico y venta de pl\u00e1stico reciclado\",\"publisher\":{\"@id\":\"https:\/\/www.recicladoslared.es\/#organization\"},\"potentialAction\":[{\"@type\":\"SearchAction\",\"target\":{\"@type\":\"EntryPoint\",\"urlTemplate\":\"https:\/\/www.recicladoslared.es\/?s={search_term_string}\"},\"query-input\":{\"@type\":\"PropertyValueSpecification\",\"valueRequired\":true,\"valueName\":\"search_term_string\"}}],\"inLanguage\":\"es\"},{\"@type\":\"Organization\",\"@id\":\"https:\/\/www.recicladoslared.es\/#organization\",\"name\":\"Reciclados La Red\",\"url\":\"https:\/\/www.recicladoslared.es\/\",\"logo\":{\"@type\":\"ImageObject\",\"inLanguage\":\"es\",\"@id\":\"https:\/\/www.recicladoslared.es\/#\/schema\/logo\/image\/\",\"url\":\"https:\/\/www.recicladoslared.es\/wp-content\/uploads\/2023\/05\/Logo-La-Red-Transpa-2.png\",\"contentUrl\":\"https:\/\/www.recicladoslared.es\/wp-content\/uploads\/2023\/05\/Logo-La-Red-Transpa-2.png\",\"width\":600,\"height\":400,\"caption\":\"Reciclados La Red\"},\"image\":{\"@id\":\"https:\/\/www.recicladoslared.es\/#\/schema\/logo\/image\/\"},\"sameAs\":[\"https:\/\/www.facebook.com\/recicladoslared\",\"https:\/\/x.com\/RecicladosLaRed\",\"https:\/\/es.linkedin.com\/company\/reciclados-la-red---reciclados-pl-sticos-serva\"]}]}<\/script>\n<!-- \/ Yoast SEO plugin. -->","yoast_head_json":{"title":"AVISO LEGAL - Reciclados LA RED","robots":{"index":"index","follow":"follow","max-snippet":"max-snippet:-1","max-image-preview":"max-image-preview:large","max-video-preview":"max-video-preview:-1"},"canonical":"https:\/\/www.recicladoslared.es\/index.php\/aviso-legal\/","og_locale":"es_ES","og_type":"article","og_title":"AVISO LEGAL - Reciclados LA RED","og_url":"https:\/\/www.recicladoslared.es\/index.php\/aviso-legal\/","og_site_name":"Reciclados LA RED","article_publisher":"https:\/\/www.facebook.com\/recicladoslared","article_modified_time":"2026-02-12T11:29:18+00:00","og_image":[{"width":600,"height":400,"url":"https:\/\/www.recicladoslared.es\/wp-content\/uploads\/2023\/05\/Logo-La-Red-Transpa-2.png","type":"image\/png"}],"twitter_card":"summary_large_image","twitter_site":"@RecicladosLaRed","twitter_misc":{"Tiempo de lectura":"7 minutos"},"schema":{"@context":"https:\/\/schema.org","@graph":[{"@type":"WebPage","@id":"https:\/\/www.recicladoslared.es\/index.php\/aviso-legal\/","url":"https:\/\/www.recicladoslared.es\/index.php\/aviso-legal\/","name":"AVISO LEGAL - Reciclados LA RED","isPartOf":{"@id":"https:\/\/www.recicladoslared.es\/#website"},"datePublished":"2023-05-23T09:04:29+00:00","dateModified":"2026-02-12T11:29:18+00:00","breadcrumb":{"@id":"https:\/\/www.recicladoslared.es\/index.php\/aviso-legal\/#breadcrumb"},"inLanguage":"es","potentialAction":[{"@type":"ReadAction","target":["https:\/\/www.recicladoslared.es\/index.php\/aviso-legal\/"]}]},{"@type":"BreadcrumbList","@id":"https:\/\/www.recicladoslared.es\/index.php\/aviso-legal\/#breadcrumb","itemListElement":[{"@type":"ListItem","position":1,"name":"Portada","item":"https:\/\/www.recicladoslared.es\/"},{"@type":"ListItem","position":2,"name":"AVISO LEGAL"}]},{"@type":"WebSite","@id":"https:\/\/www.recicladoslared.es\/#website","url":"https:\/\/www.recicladoslared.es\/","name":"Reciclados La Red","description":"Planta de reciclaje de pl\u00e1stico y venta de pl\u00e1stico reciclado","publisher":{"@id":"https:\/\/www.recicladoslared.es\/#organization"},"potentialAction":[{"@type":"SearchAction","target":{"@type":"EntryPoint","urlTemplate":"https:\/\/www.recicladoslared.es\/?s={search_term_string}"},"query-input":{"@type":"PropertyValueSpecification","valueRequired":true,"valueName":"search_term_string"}}],"inLanguage":"es"},{"@type":"Organization","@id":"https:\/\/www.recicladoslared.es\/#organization","name":"Reciclados La Red","url":"https:\/\/www.recicladoslared.es\/","logo":{"@type":"ImageObject","inLanguage":"es","@id":"https:\/\/www.recicladoslared.es\/#\/schema\/logo\/image\/","url":"https:\/\/www.recicladoslared.es\/wp-content\/uploads\/2023\/05\/Logo-La-Red-Transpa-2.png","contentUrl":"https:\/\/www.recicladoslared.es\/wp-content\/uploads\/2023\/05\/Logo-La-Red-Transpa-2.png","width":600,"height":400,"caption":"Reciclados La Red"},"image":{"@id":"https:\/\/www.recicladoslared.es\/#\/schema\/logo\/image\/"},"sameAs":["https:\/\/www.facebook.com\/recicladoslared","https:\/\/x.com\/RecicladosLaRed","https:\/\/es.linkedin.com\/company\/reciclados-la-red---reciclados-pl-sticos-serva"]}]}},"_links":{"self":[{"href":"https:\/\/www.recicladoslared.es\/index.php\/wp-json\/wp\/v2\/pages\/44","targetHints":{"allow":["GET"]}}],"collection":[{"href":"https:\/\/www.recicladoslared.es\/index.php\/wp-json\/wp\/v2\/pages"}],"about":[{"href":"https:\/\/www.recicladoslared.es\/index.php\/wp-json\/wp\/v2\/types\/page"}],"author":[{"embeddable":true,"href":"https:\/\/www.recicladoslared.es\/index.php\/wp-json\/wp\/v2\/users\/2"}],"replies":[{"embeddable":true,"href":"https:\/\/www.recicladoslared.es\/index.php\/wp-json\/wp\/v2\/comments?post=44"}],"version-history":[{"count":8,"href":"https:\/\/www.recicladoslared.es\/index.php\/wp-json\/wp\/v2\/pages\/44\/revisions"}],"predecessor-version":[{"id":1959,"href":"https:\/\/www.recicladoslared.es\/index.php\/wp-json\/wp\/v2\/pages\/44\/revisions\/1959"}],"wp:attachment":[{"href":"https:\/\/www.recicladoslared.es\/index.php\/wp-json\/wp\/v2\/media?parent=44"}],"curies":[{"name":"wp","href":"https:\/\/api.w.org\/{rel}","templated":true}]}}